{"id":37,"date":"2017-07-24T12:18:48","date_gmt":"2017-07-24T10:18:48","guid":{"rendered":"http:\/\/www.lafideleproduction.com\/jokfilms\/?page_id=37"},"modified":"2025-03-17T21:52:41","modified_gmt":"2025-03-17T19:52:41","slug":"bio","status":"publish","type":"page","link":"https:\/\/www.jok-films.com\/en\/bio\/","title":{"rendered":"Bio"},"content":{"rendered":"<p>Cr\u00e9e en Euskadi en 2006,\u00a0 J.O.K Production S.L est une soci\u00e9t\u00e9 de production audiovisuelle ind\u00e9pendante et internationale.<strong><br \/>\n<\/strong><\/p>\n<p><strong>Notre aventure en date :<\/strong><\/p>\n<p><strong>2019 \u00e0 2025 :<\/strong> en clin d\u2019\u0153il \u00e0 ses origines,\u00a0 J.O.K Production S.L produit les web s\u00e9ries <strong>MUAK<\/strong>, des contenus versatiles autour des id\u00e9es pr\u00e9\u00e9tablies, r\u00e9alis\u00e9es par des artistes de la sc\u00e8ne audiovisuelle, des arts graphiques et de la litt\u00e9rature du Pays Basque, diffus\u00e9es en int\u00e9gralit\u00e9 sur la cha\u00eene basque <a href=\"https:\/\/kanaldude.eus\/\">Kanaldude<\/a> en collaboration avec <a href=\"https:\/\/media-attack.tv\/\">Media Attack<\/a> de Bilbao et les d\u00e9putations forales de Biscaye, Gipuzkoa et du Gouvernement Basque. Selection officielle au <a href=\"https:\/\/fipadoc.com\/fr\">Fipadoc<\/a> en 2022 dans la cat\u00e9gorie exp\u00e9riences immersives, Prix du divertissement \u00e0 <a href=\"https:\/\/www.bnmwebfest.com\/\">Baltimore Webfest<\/a> en 2023.<\/p>\n<p><strong>2018 :<\/strong> J.O.K Production S.L produit sa\u00a0 premi\u00e8re s\u00e9rie de fiction :\u00a0 <strong>PUNTU KOMA<\/strong> pour le groupe EITB. La s\u00e9rie est vendue dans des cha\u00eenes LGBTQ aux USA, en France, en Angleterre et\u00a0 en Pologne. La s\u00e9rie est produite de mani\u00e8re collaborative avec <a href=\"https:\/\/www.eitb.eus\/en\/\">EITB<\/a>, la soci\u00e9t\u00e9 Media Attack, l&#8217;Universit\u00e9 de Mondragon et la productrice Izaskun Arandia.<\/p>\n<p><strong>2016 :<\/strong> J.O.K Production S.L cr\u00e9e la soci\u00e9t\u00e9 <a href=\"https:\/\/www.lafideleproduction.com\/\"><strong>La Fid\u00e8le Production S.A.R.L<\/strong> <\/a>en France avec le support de Gorka Izagirre, entrepreneur basque. La Fid\u00e8le\u00a0 participe au d\u00e9veloppement du cin\u00e9ma &#8220;Made in Basque Country&#8221; et coproduit jusqu\u2019\u00e0 ce jours les films :\u00a0 Agur Etxebeste, Nora, Akelarre, Irati , En bonne compagnie, L\u2019\u00eele des faisans.<\/p>\n<p><strong>2015 :<\/strong> J.O.K Production S.L produit le programme <strong>SECRET CHEF<\/strong> en acc\u00e8s prime-time pour la cha\u00eene ETB 2. Le programme est s\u00e9lectionn\u00e9 parmi les meilleurs divertissement factuel du <a href=\"https:\/\/www.mipcom.com\/\">MIP Com<\/a> \u00e0 Cannes. (Pour conna\u00eetre nos formats : \u00e9crivez nous)<\/p>\n<p><strong>2013\u00a0:<\/strong> J.O.K Production S.L cr\u00e9e la cha\u00eene You Tube <strong>INVITEZ VOUS<\/strong> pour la promotion culturelle de Bilbao et sa r\u00e9gion sur le march\u00e9 Francophone pour la D\u00e9putation Forale de Biscaye.<\/p>\n<p><strong>2012 :\u00a0<\/strong> \u00a0MY JOK devient <strong>J.O.K production. S.L<\/strong> et produit le documentaire <strong>NIRE ARGAZKIA<\/strong>, une enqu\u00eate autour de la langue basque et de ses dialectes, pour le groupe EITB.<\/p>\n<p><strong>2008 :\u00a0<\/strong> Jokin Etcheverria devient sc\u00e9nariste et pr\u00e9sentateur du programme de voyage <strong>CHILO\u00c9<\/strong> pour EITB. 35 programmes de 26 minutes tourn\u00e9s dans plus de 20 pays sur une p\u00e9riode de 4 ann\u00e9es diffus\u00e9s sur toutes les cha\u00eenes du groupe et \u00e0 l&#8217;international.<\/p>\n<p><strong>2007 :<\/strong> MY JOK S.L lance le programme<strong><a href=\"https:\/\/vimeo.com\/manage\/videos\/128850853\"> BURP<\/a> <\/strong>pour Basque Underground Report, co\u00e9crit par <a href=\"https:\/\/www.imdb.com\/fr\/name\/nm11057540\/\">Jokin Etcheverria<\/a> et l\u2019artiste <a href=\"https:\/\/www.instagram.com\/maianaagorrody\/\">Maiana Agorrody<\/a>. Un programme d\u2019humour autour des cultures undergrounds. 73 programmes de 26 minutes, diffus\u00e9s sur la cha\u00eene ETB 3 du groupe EITB.<\/p>\n<p><strong>2006 :<\/strong> les cr\u00e9ateurs originaux sont Jokin Etcheveria (Saint Jean de Luz 1979)\u00a0 et Maiana Agorrody (Bayonne 1978). Ils ouvrent un concept store \u00e0 Bilbao nomm\u00e9 MY JOK world, un veritable laboratoire cr\u00e9atif.\u00a0 Ils r\u00e9alisent ainsi le documentaire <strong>BURP<\/strong> pour Basque Underground Report, un regard original sur la culture alternative du Pays Basque, dans le cadre d&#8217;une exposition propos\u00e9e par l&#8217;Institut Culturel Basque.<\/p>\n","protected":false},"excerpt":{"rendered":"<p>Cr\u00e9e en Euskadi en 2006,\u00a0 J.O.K Production S.L est une soci\u00e9t\u00e9 de production audiovisuelle ind\u00e9pendante et internationale. Notre aventure en date : 2019 \u00e0 2025 : en clin d\u2019\u0153il \u00e0 &hellip; <\/p>\n<p class=\"link-more\"><a href=\"https:\/\/www.jok-films.com\/en\/bio\/\" class=\"more-link\">Continue reading<span class=\"screen-reader-text\"> &#8220;Bio&#8221;<\/span><\/a><\/p>\n","protected":false},"author":1,"featured_media":706,"parent":0,"menu_order":2,"comment_status":"closed","ping_status":"closed","template":"","meta":{"_acf_changed":false,"footnotes":""},"class_list":["post-37","page","type-page","status-publish","has-post-thumbnail","hentry"],"acf":[],"yoast_head":"<!-- This site is optimized with the Yoast SEO plugin v26.2 - https:\/\/yoast.com\/wordpress\/plugins\/seo\/ -->\n<title>Bio &#8226; Jok Films<\/title>\n<meta name=\"description\" content=\"J.O.K films est cr\u00e9\u00e9 par Jokin Etcheverria. Originaire de Saint Jean de Luz, sur la c\u00f4te basque, il se fait conna\u00eetre comme reporter \u00a0pour le programme de voyage Chilo\u00e9 du groupe EITB et comme auteur r\u00e9alisateur du programme culte BURP.\" \/>\n<meta name=\"robots\" content=\"index, follow, max-snippet:-1, max-image-preview:large, max-video-preview:-1\" \/>\n<link rel=\"canonical\" href=\"https:\/\/www.jok-films.com\/bio\/\" \/>\n<meta property=\"og:locale\" content=\"en_US\" \/>\n<meta property=\"og:type\" content=\"article\" \/>\n<meta property=\"og:title\" content=\"Bio &#8226; Jok Films\" \/>\n<meta property=\"og:description\" content=\"J.O.K films est cr\u00e9\u00e9 par Jokin Etcheverria. Originaire de Saint Jean de Luz, sur la c\u00f4te basque, il se fait conna\u00eetre comme reporter \u00a0pour le programme de voyage Chilo\u00e9 du groupe EITB et comme auteur r\u00e9alisateur du programme culte BURP.\" \/>\n<meta property=\"og:url\" content=\"https:\/\/www.jok-films.com\/bio\/\" \/>\n<meta property=\"og:site_name\" content=\"Jok Films\" \/>\n<meta property=\"article:modified_time\" content=\"2025-03-17T19:52:41+00:00\" \/>\n<meta property=\"og:image\" content=\"https:\/\/www.jok-films.com\/wp-content\/uploads\/2025\/02\/Jok-a-Baltimore-scaled-e1740688319271.jpg\" \/>\n\t<meta property=\"og:image:width\" content=\"2550\" \/>\n\t<meta property=\"og:image:height\" content=\"725\" \/>\n\t<meta property=\"og:image:type\" content=\"image\/jpeg\" \/>\n<meta name=\"twitter:card\" content=\"summary_large_image\" \/>\n<meta name=\"twitter:label1\" content=\"Est. reading time\" \/>\n\t<meta name=\"twitter:data1\" content=\"3 minutes\" \/>\n<script type=\"application\/ld+json\" class=\"yoast-schema-graph\">{\"@context\":\"https:\/\/schema.org\",\"@graph\":[{\"@type\":\"WebPage\",\"@id\":\"https:\/\/www.jok-films.com\/bio\/\",\"url\":\"https:\/\/www.jok-films.com\/bio\/\",\"name\":\"Bio &#8226; Jok Films\",\"isPartOf\":{\"@id\":\"https:\/\/www.jok-films.com\/#website\"},\"primaryImageOfPage\":{\"@id\":\"https:\/\/www.jok-films.com\/bio\/#primaryimage\"},\"image\":{\"@id\":\"https:\/\/www.jok-films.com\/bio\/#primaryimage\"},\"thumbnailUrl\":\"https:\/\/www.jok-films.com\/wp-content\/uploads\/2025\/02\/Jok-a-Baltimore-scaled-e1740688319271.jpg\",\"datePublished\":\"2017-07-24T10:18:48+00:00\",\"dateModified\":\"2025-03-17T19:52:41+00:00\",\"description\":\"J.O.K films est cr\u00e9\u00e9 par Jokin Etcheverria. Originaire de Saint Jean de Luz, sur la c\u00f4te basque, il se fait conna\u00eetre comme reporter \u00a0pour le programme de voyage Chilo\u00e9 du groupe EITB et comme auteur r\u00e9alisateur du programme culte BURP.\",\"breadcrumb\":{\"@id\":\"https:\/\/www.jok-films.com\/bio\/#breadcrumb\"},\"inLanguage\":\"en-US\",\"potentialAction\":[{\"@type\":\"ReadAction\",\"target\":[\"https:\/\/www.jok-films.com\/bio\/\"]}]},{\"@type\":\"ImageObject\",\"inLanguage\":\"en-US\",\"@id\":\"https:\/\/www.jok-films.com\/bio\/#primaryimage\",\"url\":\"https:\/\/www.jok-films.com\/wp-content\/uploads\/2025\/02\/Jok-a-Baltimore-scaled-e1740688319271.jpg\",\"contentUrl\":\"https:\/\/www.jok-films.com\/wp-content\/uploads\/2025\/02\/Jok-a-Baltimore-scaled-e1740688319271.jpg\",\"width\":2550,\"height\":725},{\"@type\":\"BreadcrumbList\",\"@id\":\"https:\/\/www.jok-films.com\/bio\/#breadcrumb\",\"itemListElement\":[{\"@type\":\"ListItem\",\"position\":1,\"name\":\"Portada\",\"item\":\"https:\/\/www.jok-films.com\/\"},{\"@type\":\"ListItem\",\"position\":2,\"name\":\"Bio\"}]},{\"@type\":\"WebSite\",\"@id\":\"https:\/\/www.jok-films.com\/#website\",\"url\":\"https:\/\/www.jok-films.com\/\",\"name\":\"Jok Films\",\"description\":\"\",\"publisher\":{\"@id\":\"https:\/\/www.jok-films.com\/#organization\"},\"potentialAction\":[{\"@type\":\"SearchAction\",\"target\":{\"@type\":\"EntryPoint\",\"urlTemplate\":\"https:\/\/www.jok-films.com\/?s={search_term_string}\"},\"query-input\":{\"@type\":\"PropertyValueSpecification\",\"valueRequired\":true,\"valueName\":\"search_term_string\"}}],\"inLanguage\":\"en-US\"},{\"@type\":\"Organization\",\"@id\":\"https:\/\/www.jok-films.com\/#organization\",\"name\":\"Jok Films\",\"url\":\"https:\/\/www.jok-films.com\/\",\"logo\":{\"@type\":\"ImageObject\",\"inLanguage\":\"en-US\",\"@id\":\"https:\/\/www.jok-films.com\/#\/schema\/logo\/image\/\",\"url\":\"http:\/\/www.jok-films.com\/wp-content\/uploads\/2018\/01\/jokfilms.png\",\"contentUrl\":\"http:\/\/www.jok-films.com\/wp-content\/uploads\/2018\/01\/jokfilms.png\",\"width\":512,\"height\":512,\"caption\":\"Jok Films\"},\"image\":{\"@id\":\"https:\/\/www.jok-films.com\/#\/schema\/logo\/image\/\"}}]}<\/script>\n<!-- \/ Yoast SEO plugin. -->","yoast_head_json":{"title":"Bio &#8226; Jok Films","description":"J.O.K films est cr\u00e9\u00e9 par Jokin Etcheverria. Originaire de Saint Jean de Luz, sur la c\u00f4te basque, il se fait conna\u00eetre comme reporter \u00a0pour le programme de voyage Chilo\u00e9 du groupe EITB et comme auteur r\u00e9alisateur du programme culte BURP.","robots":{"index":"index","follow":"follow","max-snippet":"max-snippet:-1","max-image-preview":"max-image-preview:large","max-video-preview":"max-video-preview:-1"},"canonical":"https:\/\/www.jok-films.com\/bio\/","og_locale":"en_US","og_type":"article","og_title":"Bio &#8226; Jok Films","og_description":"J.O.K films est cr\u00e9\u00e9 par Jokin Etcheverria. Originaire de Saint Jean de Luz, sur la c\u00f4te basque, il se fait conna\u00eetre comme reporter \u00a0pour le programme de voyage Chilo\u00e9 du groupe EITB et comme auteur r\u00e9alisateur du programme culte BURP.","og_url":"https:\/\/www.jok-films.com\/bio\/","og_site_name":"Jok Films","article_modified_time":"2025-03-17T19:52:41+00:00","og_image":[{"width":2550,"height":725,"url":"https:\/\/www.jok-films.com\/wp-content\/uploads\/2025\/02\/Jok-a-Baltimore-scaled-e1740688319271.jpg","type":"image\/jpeg"}],"twitter_card":"summary_large_image","twitter_misc":{"Est. reading time":"3 minutes"},"schema":{"@context":"https:\/\/schema.org","@graph":[{"@type":"WebPage","@id":"https:\/\/www.jok-films.com\/bio\/","url":"https:\/\/www.jok-films.com\/bio\/","name":"Bio &#8226; Jok Films","isPartOf":{"@id":"https:\/\/www.jok-films.com\/#website"},"primaryImageOfPage":{"@id":"https:\/\/www.jok-films.com\/bio\/#primaryimage"},"image":{"@id":"https:\/\/www.jok-films.com\/bio\/#primaryimage"},"thumbnailUrl":"https:\/\/www.jok-films.com\/wp-content\/uploads\/2025\/02\/Jok-a-Baltimore-scaled-e1740688319271.jpg","datePublished":"2017-07-24T10:18:48+00:00","dateModified":"2025-03-17T19:52:41+00:00","description":"J.O.K films est cr\u00e9\u00e9 par Jokin Etcheverria. Originaire de Saint Jean de Luz, sur la c\u00f4te basque, il se fait conna\u00eetre comme reporter \u00a0pour le programme de voyage Chilo\u00e9 du groupe EITB et comme auteur r\u00e9alisateur du programme culte BURP.","breadcrumb":{"@id":"https:\/\/www.jok-films.com\/bio\/#breadcrumb"},"inLanguage":"en-US","potentialAction":[{"@type":"ReadAction","target":["https:\/\/www.jok-films.com\/bio\/"]}]},{"@type":"ImageObject","inLanguage":"en-US","@id":"https:\/\/www.jok-films.com\/bio\/#primaryimage","url":"https:\/\/www.jok-films.com\/wp-content\/uploads\/2025\/02\/Jok-a-Baltimore-scaled-e1740688319271.jpg","contentUrl":"https:\/\/www.jok-films.com\/wp-content\/uploads\/2025\/02\/Jok-a-Baltimore-scaled-e1740688319271.jpg","width":2550,"height":725},{"@type":"BreadcrumbList","@id":"https:\/\/www.jok-films.com\/bio\/#breadcrumb","itemListElement":[{"@type":"ListItem","position":1,"name":"Portada","item":"https:\/\/www.jok-films.com\/"},{"@type":"ListItem","position":2,"name":"Bio"}]},{"@type":"WebSite","@id":"https:\/\/www.jok-films.com\/#website","url":"https:\/\/www.jok-films.com\/","name":"Jok Films","description":"","publisher":{"@id":"https:\/\/www.jok-films.com\/#organization"},"potentialAction":[{"@type":"SearchAction","target":{"@type":"EntryPoint","urlTemplate":"https:\/\/www.jok-films.com\/?s={search_term_string}"},"query-input":{"@type":"PropertyValueSpecification","valueRequired":true,"valueName":"search_term_string"}}],"inLanguage":"en-US"},{"@type":"Organization","@id":"https:\/\/www.jok-films.com\/#organization","name":"Jok Films","url":"https:\/\/www.jok-films.com\/","logo":{"@type":"ImageObject","inLanguage":"en-US","@id":"https:\/\/www.jok-films.com\/#\/schema\/logo\/image\/","url":"http:\/\/www.jok-films.com\/wp-content\/uploads\/2018\/01\/jokfilms.png","contentUrl":"http:\/\/www.jok-films.com\/wp-content\/uploads\/2018\/01\/jokfilms.png","width":512,"height":512,"caption":"Jok Films"},"image":{"@id":"https:\/\/www.jok-films.com\/#\/schema\/logo\/image\/"}}]}},"_links":{"self":[{"href":"https:\/\/www.jok-films.com\/en\/wp-json\/wp\/v2\/pages\/37","targetHints":{"allow":["GET"]}}],"collection":[{"href":"https:\/\/www.jok-films.com\/en\/wp-json\/wp\/v2\/pages"}],"about":[{"href":"https:\/\/www.jok-films.com\/en\/wp-json\/wp\/v2\/types\/page"}],"author":[{"embeddable":true,"href":"https:\/\/www.jok-films.com\/en\/wp-json\/wp\/v2\/users\/1"}],"replies":[{"embeddable":true,"href":"https:\/\/www.jok-films.com\/en\/wp-json\/wp\/v2\/comments?post=37"}],"version-history":[{"count":18,"href":"https:\/\/www.jok-films.com\/en\/wp-json\/wp\/v2\/pages\/37\/revisions"}],"predecessor-version":[{"id":722,"href":"https:\/\/www.jok-films.com\/en\/wp-json\/wp\/v2\/pages\/37\/revisions\/722"}],"wp:featuredmedia":[{"embeddable":true,"href":"https:\/\/www.jok-films.com\/en\/wp-json\/wp\/v2\/media\/706"}],"wp:attachment":[{"href":"https:\/\/www.jok-films.com\/en\/wp-json\/wp\/v2\/media?parent=37"}],"curies":[{"name":"wp","href":"https:\/\/api.w.org\/{rel}","templated":true}]}}